{"id":125,"date":"2018-11-26T12:45:27","date_gmt":"2018-11-26T12:45:27","guid":{"rendered":"http:\/\/insoalcolombia.com\/index.php\/home\/"},"modified":"2021-07-29T14:53:16","modified_gmt":"2021-07-29T19:53:16","slug":"home","status":"publish","type":"page","link":"https:\/\/insoalcolombia.com\/","title":{"rendered":"Home"},"content":{"rendered":"\t\t<div data-elementor-type=\"wp-post\" data-elementor-id=\"125\" class=\"elementor elementor-125\">\n\t\t\t\t\t\t\t\t\t<section class=\"elementor-section elementor-top-section elementor-element elementor-element-567911d elementor-section-content-middle elementor-section-boxed elementor-section-height-default elementor-section-height-default\" data-id=\"567911d\" data-element_type=\"section\" data-settings=\"{&quot;background_background&quot;:&quot;classic&quot;}\">\n\t\t\t\t\t\t\t<div class=\"elementor-background-overlay\"><\/div>\n\t\t\t\t\t\t\t<div class=\"elementor-container elementor-column-gap-no\">\n\t\t\t\t\t<div class=\"elementor-column elementor-col-100 elementor-top-column elementor-element elementor-element-b3743c8\" data-id=\"b3743c8\" data-element_type=\"column\">\n\t\t\t<div class=\"elementor-widget-wrap elementor-element-populated\">\n\t\t\t\t\t\t\t\t<div class=\"elementor-element elementor-element-82092e7 elementor-widget elementor-widget-heading\" data-id=\"82092e7\" data-element_type=\"widget\" data-widget_type=\"heading.default\">\n\t\t\t\t<div class=\"elementor-widget-container\">\n\t\t\t<h1 class=\"elementor-heading-title elementor-size-default\">insumos y soluciones en alimentos<\/h1>\t\t<\/div>\n\t\t\t\t<\/div>\n\t\t\t\t<div class=\"elementor-element elementor-element-e2fa0d5 elementor-view-default elementor-widget elementor-widget-icon\" data-id=\"e2fa0d5\" data-element_type=\"widget\" data-widget_type=\"icon.default\">\n\t\t\t\t<div class=\"elementor-widget-container\">\n\t\t\t\t\t<div class=\"elementor-icon-wrapper\">\n\t\t\t<div class=\"elementor-icon\">\n\t\t\t<i aria-hidden=\"true\" class=\"fas fa-long-arrow-alt-down\"><\/i>\t\t\t<\/div>\n\t\t<\/div>\n\t\t\t\t<\/div>\n\t\t\t\t<\/div>\n\t\t\t\t\t<\/div>\n\t\t<\/div>\n\t\t\t\t\t\t\t<\/div>\n\t\t<\/section>\n\t\t\t\t<section class=\"elementor-section elementor-top-section elementor-element elementor-element-72897bd elementor-section-content-middle elementor-section-boxed elementor-section-height-default elementor-section-height-default\" data-id=\"72897bd\" data-element_type=\"section\">\n\t\t\t\t\t\t<div class=\"elementor-container elementor-column-gap-no\">\n\t\t\t\t\t<div class=\"elementor-column elementor-col-100 elementor-top-column elementor-element elementor-element-7199241\" data-id=\"7199241\" data-element_type=\"column\">\n\t\t\t<div class=\"elementor-widget-wrap elementor-element-populated\">\n\t\t\t\t\t\t\t\t<div class=\"elementor-element elementor-element-c4d0e0d elementor-widget elementor-widget-heading\" data-id=\"c4d0e0d\" data-element_type=\"widget\" data-widget_type=\"heading.default\">\n\t\t\t\t<div class=\"elementor-widget-container\">\n\t\t\t<h3 class=\"elementor-heading-title elementor-size-default\">Equipo Insoal<\/h3>\t\t<\/div>\n\t\t\t\t<\/div>\n\t\t\t\t<div class=\"elementor-element elementor-element-2a8eb2a elementor-widget elementor-widget-heading\" data-id=\"2a8eb2a\" data-element_type=\"widget\" data-widget_type=\"heading.default\">\n\t\t\t\t<div class=\"elementor-widget-container\">\n\t\t\t<h3 class=\"elementor-heading-title elementor-size-default\">Somos un grupo de ingenieros de alimentos e ingenieros qu\u00edmicos que a trav\u00e9s de nuestra experiencia de m\u00e1s de 10 a\u00f1os, evidenciamos la necesidades m\u00e1s demandadas en nuestro pa\u00eds.\n<\/h3>\t\t<\/div>\n\t\t\t\t<\/div>\n\t\t\t\t<div class=\"elementor-element elementor-element-0d439b3 elementor-widget elementor-widget-text-editor\" data-id=\"0d439b3\" data-element_type=\"widget\" data-widget_type=\"text-editor.default\">\n\t\t\t\t<div class=\"elementor-widget-container\">\n\t\t\t\t\t\t\t<p><strong>Insoal, <\/strong>Insumos y Soluciones de Alimentos\u00a0nace como una alternativa a la demanda de la industria de alimentos, nuestro objetivo en brindar soluciones integrales de acuerdo a las necesidades espec\u00edficas de cada empresa.<\/p>\t\t\t\t\t\t<\/div>\n\t\t\t\t<\/div>\n\t\t\t\t<div class=\"elementor-element elementor-element-2b6f784 elementor-widget elementor-widget-text-editor\" data-id=\"2b6f784\" data-element_type=\"widget\" data-widget_type=\"text-editor.default\">\n\t\t\t\t<div class=\"elementor-widget-container\">\n\t\t\t\t\t\t\t<p>Nuestros altos est\u00e1ndares de calidad nos permiten contar con respaldo t\u00e9cnico, log\u00edstico y de acompa\u00f1amiento comercial.<\/p>\t\t\t\t\t\t<\/div>\n\t\t\t\t<\/div>\n\t\t\t\t\t<\/div>\n\t\t<\/div>\n\t\t\t\t\t\t\t<\/div>\n\t\t<\/section>\n\t\t\t\t<section class=\"elementor-section elementor-top-section elementor-element elementor-element-36db80a elementor-section-content-middle elementor-section-boxed elementor-section-height-default elementor-section-height-default\" data-id=\"36db80a\" data-element_type=\"section\" data-settings=\"{&quot;background_background&quot;:&quot;classic&quot;}\">\n\t\t\t\t\t\t\t<div class=\"elementor-background-overlay\"><\/div>\n\t\t\t\t\t\t\t<div class=\"elementor-container elementor-column-gap-no\">\n\t\t\t\t\t<div class=\"elementor-column elementor-col-100 elementor-top-column elementor-element elementor-element-386ff2c\" data-id=\"386ff2c\" data-element_type=\"column\">\n\t\t\t<div class=\"elementor-widget-wrap elementor-element-populated\">\n\t\t\t\t\t\t\t\t<div class=\"elementor-element elementor-element-ee7dbc7 elementor-widget elementor-widget-heading\" data-id=\"ee7dbc7\" data-element_type=\"widget\" data-widget_type=\"heading.default\">\n\t\t\t\t<div class=\"elementor-widget-container\">\n\t\t\t<h2 class=\"elementor-heading-title elementor-size-default\">Inmediatez y Ayuda a nuestros clientes<\/h2>\t\t<\/div>\n\t\t\t\t<\/div>\n\t\t\t\t<div class=\"elementor-element elementor-element-0076066 elementor-widget elementor-widget-text-editor\" data-id=\"0076066\" data-element_type=\"widget\" data-widget_type=\"text-editor.default\">\n\t\t\t\t<div class=\"elementor-widget-container\">\n\t\t\t\t\t\t\t<p>Gracias a nuestra experiencia y amplio conocimiento de insumos y materias primas, dimos soluci\u00f3n a la alta demanda de az\u00facar que muchas empresas ten\u00edan en las protestas y bloqueos del valle del cauca en el a\u00f1o 2021 en Colombia<\/p>\t\t\t\t\t\t<\/div>\n\t\t\t\t<\/div>\n\t\t\t\t\t<\/div>\n\t\t<\/div>\n\t\t\t\t\t\t\t<\/div>\n\t\t<\/section>\n\t\t\t\t<section class=\"elementor-section elementor-top-section elementor-element elementor-element-a0bc5c1 elementor-section-boxed elementor-section-height-default elementor-section-height-default\" data-id=\"a0bc5c1\" data-element_type=\"section\" data-settings=\"{&quot;background_background&quot;:&quot;classic&quot;}\">\n\t\t\t\t\t\t<div class=\"elementor-container elementor-column-gap-default\">\n\t\t\t\t\t<div class=\"elementor-column elementor-col-100 elementor-top-column elementor-element elementor-element-6a3500b\" data-id=\"6a3500b\" data-element_type=\"column\">\n\t\t\t<div class=\"elementor-widget-wrap elementor-element-populated\">\n\t\t\t\t\t\t\t\t<div class=\"elementor-element elementor-element-d2d0623 elementor-widget elementor-widget-heading\" data-id=\"d2d0623\" data-element_type=\"widget\" data-widget_type=\"heading.default\">\n\t\t\t\t<div class=\"elementor-widget-container\">\n\t\t\t<h3 class=\"elementor-heading-title elementor-size-default\">Algunos de Nuestros Clientes<\/h3>\t\t<\/div>\n\t\t\t\t<\/div>\n\t\t\t\t<div class=\"elementor-element elementor-element-a1ea1a9 elementor-arrows-position-inside elementor-pagination-position-outside elementor-widget elementor-widget-image-carousel\" data-id=\"a1ea1a9\" data-element_type=\"widget\" data-settings=\"{&quot;navigation&quot;:&quot;both&quot;,&quot;autoplay&quot;:&quot;yes&quot;,&quot;pause_on_hover&quot;:&quot;yes&quot;,&quot;pause_on_interaction&quot;:&quot;yes&quot;,&quot;autoplay_speed&quot;:5000,&quot;infinite&quot;:&quot;yes&quot;,&quot;speed&quot;:500}\" data-widget_type=\"image-carousel.default\">\n\t\t\t\t<div class=\"elementor-widget-container\">\n\t\t\t\t\t<div class=\"elementor-image-carousel-wrapper swiper-container\" dir=\"ltr\">\n\t\t\t<div class=\"elementor-image-carousel swiper-wrapper\" aria-live=\"off\">\n\t\t\t\t\t\t\t\t<div class=\"swiper-slide\" role=\"group\" aria-roledescription=\"slide\" aria-label=\"1 of 2\"><figure class=\"swiper-slide-inner\"><img decoding=\"async\" class=\"swiper-slide-image\" src=\"https:\/\/insoalcolombia.com\/wp-content\/uploads\/2021\/07\/crepeswaffles-logo-insumos-alimentos-colombia-150x150.png\" alt=\"crepeswaffles-logo-insumos-alimentos-colombia\" \/><\/figure><\/div><div class=\"swiper-slide\" role=\"group\" aria-roledescription=\"slide\" aria-label=\"2 of 2\"><figure class=\"swiper-slide-inner\"><img decoding=\"async\" class=\"swiper-slide-image\" src=\"https:\/\/insoalcolombia.com\/wp-content\/uploads\/2021\/07\/head2-logo-insoal-insumos-alimentos-150x150.png\" alt=\"head2-logo-insoal-insumos-alimentos\" \/><\/figure><\/div>\t\t\t<\/div>\n\t\t\t\t\t\t\t\t\t\t\t\t<div class=\"elementor-swiper-button elementor-swiper-button-prev\" role=\"button\" tabindex=\"0\">\n\t\t\t\t\t\t<i aria-hidden=\"true\" class=\"eicon-chevron-left\"><\/i>\t\t\t\t\t<\/div>\n\t\t\t\t\t<div class=\"elementor-swiper-button elementor-swiper-button-next\" role=\"button\" tabindex=\"0\">\n\t\t\t\t\t\t<i aria-hidden=\"true\" class=\"eicon-chevron-right\"><\/i>\t\t\t\t\t<\/div>\n\t\t\t\t\n\t\t\t\t\t\t\t\t\t<div class=\"swiper-pagination\"><\/div>\n\t\t\t\t\t\t\t\t\t<\/div>\n\t\t\t\t<\/div>\n\t\t\t\t<\/div>\n\t\t\t\t\t<\/div>\n\t\t<\/div>\n\t\t\t\t\t\t\t<\/div>\n\t\t<\/section>\n\t\t\t\t<section class=\"elementor-section elementor-top-section elementor-element elementor-element-7d71124 elementor-section-boxed elementor-section-height-default elementor-section-height-default\" data-id=\"7d71124\" data-element_type=\"section\">\n\t\t\t\t\t\t<div class=\"elementor-container elementor-column-gap-no\">\n\t\t\t\t\t<div class=\"elementor-column elementor-col-100 elementor-top-column elementor-element elementor-element-8b03254\" data-id=\"8b03254\" data-element_type=\"column\">\n\t\t\t<div class=\"elementor-widget-wrap elementor-element-populated\">\n\t\t\t\t\t\t\t\t<div class=\"elementor-element elementor-element-2e78b54 elementor-widget elementor-widget-heading\" data-id=\"2e78b54\" data-element_type=\"widget\" data-widget_type=\"heading.default\">\n\t\t\t\t<div class=\"elementor-widget-container\">\n\t\t\t<h5 class=\"elementor-heading-title elementor-size-default\">Productos<\/h5>\t\t<\/div>\n\t\t\t\t<\/div>\n\t\t\t\t<div class=\"elementor-element elementor-element-ee8b322 elementor-widget elementor-widget-heading\" data-id=\"ee8b322\" data-element_type=\"widget\" data-widget_type=\"heading.default\">\n\t\t\t\t<div class=\"elementor-widget-container\">\n\t\t\t<h2 class=\"elementor-heading-title elementor-size-default\">Mezclas de Alimentos<\/h2>\t\t<\/div>\n\t\t\t\t<\/div>\n\t\t\t\t<section class=\"elementor-section elementor-inner-section elementor-element elementor-element-ed422bc elementor-section-boxed elementor-section-height-default elementor-section-height-default\" data-id=\"ed422bc\" data-element_type=\"section\">\n\t\t\t\t\t\t<div class=\"elementor-container elementor-column-gap-no\">\n\t\t\t\t\t<div class=\"elementor-column elementor-col-20 elementor-inner-column elementor-element elementor-element-1aba541\" data-id=\"1aba541\" data-element_type=\"column\">\n\t\t\t<div class=\"elementor-widget-wrap elementor-element-populated\">\n\t\t\t\t\t\t\t\t<div class=\"elementor-element elementor-element-9eb305f elementor-widget elementor-widget-image\" data-id=\"9eb305f\" data-element_type=\"widget\" data-widget_type=\"image.default\">\n\t\t\t\t<div class=\"elementor-widget-container\">\n\t\t\t\t\t\t\t\t\t\t\t\t\t\t\t<img loading=\"lazy\" decoding=\"async\" width=\"380\" height=\"520\" src=\"https:\/\/insoalcolombia.com\/wp-content\/uploads\/2018\/11\/lacteos-insumos-alimentos-colombia.jpg\" class=\"attachment-full size-full wp-image-63\" alt=\"\" srcset=\"https:\/\/insoalcolombia.com\/wp-content\/uploads\/2018\/11\/lacteos-insumos-alimentos-colombia.jpg 380w, https:\/\/insoalcolombia.com\/wp-content\/uploads\/2018\/11\/lacteos-insumos-alimentos-colombia-219x300.jpg 219w\" sizes=\"auto, (max-width: 380px) 100vw, 380px\" \/>\t\t\t\t\t\t\t\t\t\t\t\t\t\t\t<\/div>\n\t\t\t\t<\/div>\n\t\t\t\t<div class=\"elementor-element elementor-element-d079106 elementor-widget elementor-widget-heading\" data-id=\"d079106\" data-element_type=\"widget\" data-widget_type=\"heading.default\">\n\t\t\t\t<div class=\"elementor-widget-container\">\n\t\t\t<h4 class=\"elementor-heading-title elementor-size-default\">L\u00e1cteos<\/h4>\t\t<\/div>\n\t\t\t\t<\/div>\n\t\t\t\t<div class=\"elementor-element elementor-element-89e1e13 elementor-widget elementor-widget-text-editor\" data-id=\"89e1e13\" data-element_type=\"widget\" data-widget_type=\"text-editor.default\">\n\t\t\t\t<div class=\"elementor-widget-container\">\n\t\t\t\t\t\t\t<p>Az\u00facar, Sal, Tripolifosfato de Sodio, \u00c1cido C\u00edtrico, Citrato de Sodio, Grasa Vegetal en Polvo, Leche en Polvo Descremada, Az\u00facar Com\u00fan, Az\u00facar Refinada.<\/p>\t\t\t\t\t\t<\/div>\n\t\t\t\t<\/div>\n\t\t\t\t\t<\/div>\n\t\t<\/div>\n\t\t\t\t<div class=\"elementor-column elementor-col-20 elementor-inner-column elementor-element elementor-element-d32ab0c\" data-id=\"d32ab0c\" data-element_type=\"column\">\n\t\t\t<div class=\"elementor-widget-wrap elementor-element-populated\">\n\t\t\t\t\t\t\t\t<div class=\"elementor-element elementor-element-1f5104a elementor-widget elementor-widget-image\" data-id=\"1f5104a\" data-element_type=\"widget\" data-widget_type=\"image.default\">\n\t\t\t\t<div class=\"elementor-widget-container\">\n\t\t\t\t\t\t\t\t\t\t\t\t\t\t\t<img loading=\"lazy\" decoding=\"async\" width=\"380\" height=\"520\" src=\"https:\/\/insoalcolombia.com\/wp-content\/uploads\/2018\/11\/carnicos-insumos-alimentos-colombia-medellin-bogota-cali.jpg\" class=\"attachment-full size-full wp-image-64\" alt=\"\" srcset=\"https:\/\/insoalcolombia.com\/wp-content\/uploads\/2018\/11\/carnicos-insumos-alimentos-colombia-medellin-bogota-cali.jpg 380w, https:\/\/insoalcolombia.com\/wp-content\/uploads\/2018\/11\/carnicos-insumos-alimentos-colombia-medellin-bogota-cali-219x300.jpg 219w\" sizes=\"auto, (max-width: 380px) 100vw, 380px\" \/>\t\t\t\t\t\t\t\t\t\t\t\t\t\t\t<\/div>\n\t\t\t\t<\/div>\n\t\t\t\t<div class=\"elementor-element elementor-element-a7c64d2 elementor-widget elementor-widget-heading\" data-id=\"a7c64d2\" data-element_type=\"widget\" data-widget_type=\"heading.default\">\n\t\t\t\t<div class=\"elementor-widget-container\">\n\t\t\t<h4 class=\"elementor-heading-title elementor-size-default\">C\u00e1rnicos<\/h4>\t\t<\/div>\n\t\t\t\t<\/div>\n\t\t\t\t<div class=\"elementor-element elementor-element-5a41617 elementor-widget elementor-widget-text-editor\" data-id=\"5a41617\" data-element_type=\"widget\" data-widget_type=\"text-editor.default\">\n\t\t\t\t<div class=\"elementor-widget-container\">\n\t\t\t\t\t\t\t<p>Tripolifosfato De Sodio, Az\u00facar, Almidon De Papa, Sal, Pvh (Proteina Vegetal Hidrolizada), Glutamato Cf \/ Cr<\/p>\t\t\t\t\t\t<\/div>\n\t\t\t\t<\/div>\n\t\t\t\t\t<\/div>\n\t\t<\/div>\n\t\t\t\t<div class=\"elementor-column elementor-col-20 elementor-inner-column elementor-element elementor-element-c4f2b11\" data-id=\"c4f2b11\" data-element_type=\"column\">\n\t\t\t<div class=\"elementor-widget-wrap elementor-element-populated\">\n\t\t\t\t\t\t\t\t<div class=\"elementor-element elementor-element-d632c73 elementor-widget elementor-widget-image\" data-id=\"d632c73\" data-element_type=\"widget\" data-widget_type=\"image.default\">\n\t\t\t\t<div class=\"elementor-widget-container\">\n\t\t\t\t\t\t\t\t\t\t\t\t\t\t\t<img loading=\"lazy\" decoding=\"async\" width=\"380\" height=\"520\" src=\"https:\/\/insoalcolombia.com\/wp-content\/uploads\/2018\/11\/salsas-y-aderezos-alimentos-insumos-colombia-medellin-bogota-cali.jpg\" class=\"attachment-full size-full wp-image-65\" alt=\"\" srcset=\"https:\/\/insoalcolombia.com\/wp-content\/uploads\/2018\/11\/salsas-y-aderezos-alimentos-insumos-colombia-medellin-bogota-cali.jpg 380w, https:\/\/insoalcolombia.com\/wp-content\/uploads\/2018\/11\/salsas-y-aderezos-alimentos-insumos-colombia-medellin-bogota-cali-219x300.jpg 219w\" sizes=\"auto, (max-width: 380px) 100vw, 380px\" \/>\t\t\t\t\t\t\t\t\t\t\t\t\t\t\t<\/div>\n\t\t\t\t<\/div>\n\t\t\t\t<div class=\"elementor-element elementor-element-6a0b7ec elementor-widget elementor-widget-heading\" data-id=\"6a0b7ec\" data-element_type=\"widget\" data-widget_type=\"heading.default\">\n\t\t\t\t<div class=\"elementor-widget-container\">\n\t\t\t<h4 class=\"elementor-heading-title elementor-size-default\">Salsas y Aderezos<\/h4>\t\t<\/div>\n\t\t\t\t<\/div>\n\t\t\t\t<div class=\"elementor-element elementor-element-ff7c8b1 elementor-widget elementor-widget-text-editor\" data-id=\"ff7c8b1\" data-element_type=\"widget\" data-widget_type=\"text-editor.default\">\n\t\t\t\t<div class=\"elementor-widget-container\">\n\t\t\t\t\t\t\t<p>Pasta de Tomate, Pulpa de Manzana, Pulpa de Pera, Goma Guar, Goma Xantan, Az\u00facar.<\/p>\t\t\t\t\t\t<\/div>\n\t\t\t\t<\/div>\n\t\t\t\t\t<\/div>\n\t\t<\/div>\n\t\t\t\t<div class=\"elementor-column elementor-col-20 elementor-inner-column elementor-element elementor-element-0abb25c\" data-id=\"0abb25c\" data-element_type=\"column\">\n\t\t\t<div class=\"elementor-widget-wrap elementor-element-populated\">\n\t\t\t\t\t\t\t\t<div class=\"elementor-element elementor-element-a93b149 elementor-widget elementor-widget-image\" data-id=\"a93b149\" data-element_type=\"widget\" data-widget_type=\"image.default\">\n\t\t\t\t<div class=\"elementor-widget-container\">\n\t\t\t\t\t\t\t\t\t\t\t\t\t\t\t<img loading=\"lazy\" decoding=\"async\" width=\"380\" height=\"520\" src=\"https:\/\/insoalcolombia.com\/wp-content\/uploads\/2021\/07\/mezclas-polvo-alimentos-insumos-colombia.jpg\" class=\"attachment-full size-full wp-image-524\" alt=\"mezclas-polvo-alimentos-insumos-colombia\" srcset=\"https:\/\/insoalcolombia.com\/wp-content\/uploads\/2021\/07\/mezclas-polvo-alimentos-insumos-colombia.jpg 380w, https:\/\/insoalcolombia.com\/wp-content\/uploads\/2021\/07\/mezclas-polvo-alimentos-insumos-colombia-219x300.jpg 219w\" sizes=\"auto, (max-width: 380px) 100vw, 380px\" \/>\t\t\t\t\t\t\t\t\t\t\t\t\t\t\t<\/div>\n\t\t\t\t<\/div>\n\t\t\t\t<div class=\"elementor-element elementor-element-ecbb689 elementor-widget elementor-widget-heading\" data-id=\"ecbb689\" data-element_type=\"widget\" data-widget_type=\"heading.default\">\n\t\t\t\t<div class=\"elementor-widget-container\">\n\t\t\t<h4 class=\"elementor-heading-title elementor-size-default\">Mezclas en Polvo<\/h4>\t\t<\/div>\n\t\t\t\t<\/div>\n\t\t\t\t<div class=\"elementor-element elementor-element-3cd574f elementor-widget elementor-widget-text-editor\" data-id=\"3cd574f\" data-element_type=\"widget\" data-widget_type=\"text-editor.default\">\n\t\t\t\t<div class=\"elementor-widget-container\">\n\t\t\t\t\t\t\t<p>Mezclas L\u00e1cteas &#8220;Extracto de Malta, Leche en Polvo Descremada, Grasa Vegetal en Polvo, Alimento L\u00e1cteo, Leche Entera En Polvo, Suero Dulce, Permeado de Suero, Lactosa, Proteina de Suero&#8221;, Bebidas Achocolatadas, Gelatinas &#8220;Bloom200, Sin Sabor 250bloom&#8221;, Gomas, Bebidas Instantaneas, Mezclas Proteicas.<\/p>\t\t\t\t\t\t<\/div>\n\t\t\t\t<\/div>\n\t\t\t\t\t<\/div>\n\t\t<\/div>\n\t\t\t\t<div class=\"elementor-column elementor-col-20 elementor-inner-column elementor-element elementor-element-8b62111\" data-id=\"8b62111\" data-element_type=\"column\">\n\t\t\t<div class=\"elementor-widget-wrap elementor-element-populated\">\n\t\t\t\t\t\t\t\t<div class=\"elementor-element elementor-element-896f4e7 elementor-widget elementor-widget-image\" data-id=\"896f4e7\" data-element_type=\"widget\" data-widget_type=\"image.default\">\n\t\t\t\t<div class=\"elementor-widget-container\">\n\t\t\t\t\t\t\t\t\t\t\t\t\t\t\t<img loading=\"lazy\" decoding=\"async\" width=\"380\" height=\"520\" src=\"https:\/\/insoalcolombia.com\/wp-content\/uploads\/2021\/07\/panaderia-y-reposteria-insumos-alimentos-colombia-bogota-medellin-cali.jpg\" class=\"attachment-full size-full wp-image-523\" alt=\"panaderia-y-reposteria-insumos-alimentos-colombia-bogota-medellin-cali\" srcset=\"https:\/\/insoalcolombia.com\/wp-content\/uploads\/2021\/07\/panaderia-y-reposteria-insumos-alimentos-colombia-bogota-medellin-cali.jpg 380w, https:\/\/insoalcolombia.com\/wp-content\/uploads\/2021\/07\/panaderia-y-reposteria-insumos-alimentos-colombia-bogota-medellin-cali-219x300.jpg 219w\" sizes=\"auto, (max-width: 380px) 100vw, 380px\" \/>\t\t\t\t\t\t\t\t\t\t\t\t\t\t\t<\/div>\n\t\t\t\t<\/div>\n\t\t\t\t<div class=\"elementor-element elementor-element-8b1fc51 elementor-widget elementor-widget-heading\" data-id=\"8b1fc51\" data-element_type=\"widget\" data-widget_type=\"heading.default\">\n\t\t\t\t<div class=\"elementor-widget-container\">\n\t\t\t<h4 class=\"elementor-heading-title elementor-size-default\">Panader\u00eda y Reposter\u00eda<\/h4>\t\t<\/div>\n\t\t\t\t<\/div>\n\t\t\t\t<div class=\"elementor-element elementor-element-c04a5d8 elementor-widget elementor-widget-text-editor\" data-id=\"c04a5d8\" data-element_type=\"widget\" data-widget_type=\"text-editor.default\">\n\t\t\t\t<div class=\"elementor-widget-container\">\n\t\t\t\t\t\t\t<p>Az\u00facar, Sal, Leche Entera en Polvo, Leche Descremada en Polvo, Suero Dulce, Cocoa en Polvo<\/p>\t\t\t\t\t\t<\/div>\n\t\t\t\t<\/div>\n\t\t\t\t\t<\/div>\n\t\t<\/div>\n\t\t\t\t\t\t\t<\/div>\n\t\t<\/section>\n\t\t\t\t\t<\/div>\n\t\t<\/div>\n\t\t\t\t\t\t\t<\/div>\n\t\t<\/section>\n\t\t\t\t\t\t\t<\/div>\n\t\t","protected":false},"excerpt":{"rendered":"<p>insumos y soluciones en alimentos Equipo Insoal Somos un grupo de ingenieros de alimentos e ingenieros qu\u00edmicos que a trav\u00e9s de nuestra experiencia de m\u00e1s de 10 a\u00f1os, evidenciamos la necesidades m\u00e1s demandadas en nuestro pa\u00eds. Insoal, Insumos y Soluciones de Alimentos\u00a0nace como una alternativa a la demanda de la industria de alimentos, nuestro objetivo &hellip;<\/p>\n<p class=\"read-more\"> <a class=\"\" href=\"https:\/\/insoalcolombia.com\/\"> <span class=\"screen-reader-text\">Home<\/span> Leer m\u00e1s &raquo;<\/a><\/p>\n","protected":false},"author":0,"featured_media":0,"parent":0,"menu_order":0,"comment_status":"closed","ping_status":"closed","template":"","meta":{"_joinchat":[],"footnotes":""},"class_list":["post-125","page","type-page","status-publish","hentry"],"_links":{"self":[{"href":"https:\/\/insoalcolombia.com\/index.php\/wp-json\/wp\/v2\/pages\/125","targetHints":{"allow":["GET"]}}],"collection":[{"href":"https:\/\/insoalcolombia.com\/index.php\/wp-json\/wp\/v2\/pages"}],"about":[{"href":"https:\/\/insoalcolombia.com\/index.php\/wp-json\/wp\/v2\/types\/page"}],"replies":[{"embeddable":true,"href":"https:\/\/insoalcolombia.com\/index.php\/wp-json\/wp\/v2\/comments?post=125"}],"version-history":[{"count":42,"href":"https:\/\/insoalcolombia.com\/index.php\/wp-json\/wp\/v2\/pages\/125\/revisions"}],"predecessor-version":[{"id":591,"href":"https:\/\/insoalcolombia.com\/index.php\/wp-json\/wp\/v2\/pages\/125\/revisions\/591"}],"wp:attachment":[{"href":"https:\/\/insoalcolombia.com\/index.php\/wp-json\/wp\/v2\/media?parent=125"}],"curies":[{"name":"wp","href":"https:\/\/api.w.org\/{rel}","templated":true}]}}